{"id":2888,"date":"2024-03-21T11:41:27","date_gmt":"2024-03-21T10:41:27","guid":{"rendered":"https:\/\/aljf-amberieu.fr\/?page_id=2888"},"modified":"2024-03-22T08:52:21","modified_gmt":"2024-03-22T07:52:21","slug":"chrono-justo-gaf","status":"publish","type":"page","link":"https:\/\/aljf-amberieu.fr\/index.php\/chrono-justo-gaf\/","title":{"rendered":"Evolution des Justos GAF"},"content":{"rendered":"\t\t<div data-elementor-type=\"wp-page\" data-elementor-id=\"2888\" class=\"elementor elementor-2888\">\n\t\t\t\t\t\t<section class=\"elementor-section elementor-top-section elementor-element elementor-element-5a48a35 elementor-section-boxed elementor-section-height-default elementor-section-height-default\" data-id=\"5a48a35\" data-element_type=\"section\">\n\t\t\t\t\t\t<div class=\"elementor-container elementor-column-gap-default\">\n\t\t\t\t\t<div class=\"elementor-column elementor-col-100 elementor-top-column elementor-element elementor-element-4ee97e6\" data-id=\"4ee97e6\" data-element_type=\"column\">\n\t\t\t<div class=\"elementor-widget-wrap elementor-element-populated\">\n\t\t\t\t\t\t<div class=\"elementor-element elementor-element-daf0409 elementor-widget elementor-widget-heading\" data-id=\"daf0409\" data-element_type=\"widget\" data-widget_type=\"heading.default\">\n\t\t\t\t<div class=\"elementor-widget-container\">\n\t\t\t\t\t<h2 class=\"elementor-heading-title elementor-size-default\"><span style=\"font-size: 20px\">Le justo dans le temps...<\/span><\/h2>\t\t\t\t<\/div>\n\t\t\t\t<\/div>\n\t\t\t\t\t<\/div>\n\t\t<\/div>\n\t\t\t\t\t<\/div>\n\t\t<\/section>\n\t\t\t\t<section class=\"elementor-section elementor-top-section elementor-element elementor-element-0ac6f9f elementor-section-boxed elementor-section-height-default elementor-section-height-default\" data-id=\"0ac6f9f\" data-element_type=\"section\">\n\t\t\t\t\t\t<div class=\"elementor-container elementor-column-gap-default\">\n\t\t\t\t\t<div class=\"elementor-column elementor-col-100 elementor-top-column elementor-element elementor-element-8312fda\" data-id=\"8312fda\" data-element_type=\"column\">\n\t\t\t<div class=\"elementor-widget-wrap elementor-element-populated\">\n\t\t\t\t\t\t<div class=\"elementor-element elementor-element-2f00101 elementor-widget elementor-widget-image\" data-id=\"2f00101\" data-element_type=\"widget\" data-widget_type=\"image.default\">\n\t\t\t\t<div class=\"elementor-widget-container\">\n\t\t\t\t\t\t\t\t\t\t\t\t<figure class=\"wp-caption\">\n\t\t\t\t\t\t\t\t\t\t<img fetchpriority=\"high\" decoding=\"async\" width=\"300\" height=\"240\" src=\"https:\/\/aljf-amberieu.fr\/wp-content\/uploads\/2024\/03\/justo-2022-300x240.jpg\" class=\"attachment-medium size-medium wp-image-2897\" alt=\"\" srcset=\"https:\/\/aljf-amberieu.fr\/wp-content\/uploads\/2024\/03\/justo-2022-300x240.jpg 300w, https:\/\/aljf-amberieu.fr\/wp-content\/uploads\/2024\/03\/justo-2022-24x19.jpg 24w, https:\/\/aljf-amberieu.fr\/wp-content\/uploads\/2024\/03\/justo-2022-36x29.jpg 36w, https:\/\/aljf-amberieu.fr\/wp-content\/uploads\/2024\/03\/justo-2022-48x38.jpg 48w, https:\/\/aljf-amberieu.fr\/wp-content\/uploads\/2024\/03\/justo-2022.jpg 539w\" sizes=\"(max-width: 300px) 100vw, 300px\" \/>\t\t\t\t\t\t\t\t\t\t\t<figcaption class=\"widget-image-caption wp-caption-text\">Ann\u00e9e 2022<\/figcaption>\n\t\t\t\t\t\t\t\t\t\t<\/figure>\n\t\t\t\t\t\t\t\t\t<\/div>\n\t\t\t\t<\/div>\n\t\t\t\t\t<\/div>\n\t\t<\/div>\n\t\t\t\t\t<\/div>\n\t\t<\/section>\n\t\t\t\t<section class=\"elementor-section elementor-top-section elementor-element elementor-element-fcd2873 elementor-section-boxed elementor-section-height-default elementor-section-height-default\" data-id=\"fcd2873\" data-element_type=\"section\">\n\t\t\t\t\t\t<div class=\"elementor-container elementor-column-gap-default\">\n\t\t\t\t\t<div class=\"elementor-column elementor-col-100 elementor-top-column elementor-element elementor-element-556a54b\" data-id=\"556a54b\" data-element_type=\"column\">\n\t\t\t<div class=\"elementor-widget-wrap elementor-element-populated\">\n\t\t\t\t\t\t<div class=\"elementor-element elementor-element-90cb7ad elementor-widget elementor-widget-image\" data-id=\"90cb7ad\" data-element_type=\"widget\" data-widget_type=\"image.default\">\n\t\t\t\t<div class=\"elementor-widget-container\">\n\t\t\t\t\t\t\t\t\t\t\t\t<figure class=\"wp-caption\">\n\t\t\t\t\t\t\t\t\t\t<img decoding=\"async\" width=\"208\" height=\"221\" src=\"https:\/\/aljf-amberieu.fr\/wp-content\/uploads\/2024\/03\/justo-2013.jpg\" class=\"attachment-medium size-medium wp-image-2898\" alt=\"\" srcset=\"https:\/\/aljf-amberieu.fr\/wp-content\/uploads\/2024\/03\/justo-2013.jpg 208w, https:\/\/aljf-amberieu.fr\/wp-content\/uploads\/2024\/03\/justo-2013-34x36.jpg 34w, https:\/\/aljf-amberieu.fr\/wp-content\/uploads\/2024\/03\/justo-2013-45x48.jpg 45w\" sizes=\"(max-width: 208px) 100vw, 208px\" \/>\t\t\t\t\t\t\t\t\t\t\t<figcaption class=\"widget-image-caption wp-caption-text\">Ann\u00e9e 2013<\/figcaption>\n\t\t\t\t\t\t\t\t\t\t<\/figure>\n\t\t\t\t\t\t\t\t\t<\/div>\n\t\t\t\t<\/div>\n\t\t\t\t<div class=\"elementor-element elementor-element-a502c25 elementor-widget elementor-widget-image\" data-id=\"a502c25\" data-element_type=\"widget\" data-widget_type=\"image.default\">\n\t\t\t\t<div class=\"elementor-widget-container\">\n\t\t\t\t\t\t\t\t\t\t\t\t<figure class=\"wp-caption\">\n\t\t\t\t\t\t\t\t\t\t<img decoding=\"async\" width=\"300\" height=\"178\" src=\"https:\/\/aljf-amberieu.fr\/wp-content\/uploads\/2024\/03\/justo-1994-300x178.jpg\" class=\"attachment-medium size-medium wp-image-2899\" alt=\"\" srcset=\"https:\/\/aljf-amberieu.fr\/wp-content\/uploads\/2024\/03\/justo-1994-300x178.jpg 300w, https:\/\/aljf-amberieu.fr\/wp-content\/uploads\/2024\/03\/justo-1994-24x14.jpg 24w, https:\/\/aljf-amberieu.fr\/wp-content\/uploads\/2024\/03\/justo-1994-36x21.jpg 36w, https:\/\/aljf-amberieu.fr\/wp-content\/uploads\/2024\/03\/justo-1994-48x28.jpg 48w, https:\/\/aljf-amberieu.fr\/wp-content\/uploads\/2024\/03\/justo-1994.jpg 316w\" sizes=\"(max-width: 300px) 100vw, 300px\" \/>\t\t\t\t\t\t\t\t\t\t\t<figcaption class=\"widget-image-caption wp-caption-text\">Ann\u00e9e 1994<\/figcaption>\n\t\t\t\t\t\t\t\t\t\t<\/figure>\n\t\t\t\t\t\t\t\t\t<\/div>\n\t\t\t\t<\/div>\n\t\t\t\t\t<\/div>\n\t\t<\/div>\n\t\t\t\t\t<\/div>\n\t\t<\/section>\n\t\t\t\t<section class=\"elementor-section elementor-top-section elementor-element elementor-element-a7b1825 elementor-section-boxed elementor-section-height-default elementor-section-height-default\" data-id=\"a7b1825\" data-element_type=\"section\">\n\t\t\t\t\t\t<div class=\"elementor-container elementor-column-gap-default\">\n\t\t\t\t\t<div class=\"elementor-column elementor-col-100 elementor-top-column elementor-element elementor-element-d18102b\" data-id=\"d18102b\" data-element_type=\"column\">\n\t\t\t<div class=\"elementor-widget-wrap elementor-element-populated\">\n\t\t\t\t\t\t<div class=\"elementor-element elementor-element-25ddff9 elementor-widget elementor-widget-image\" data-id=\"25ddff9\" data-element_type=\"widget\" data-widget_type=\"image.default\">\n\t\t\t\t<div class=\"elementor-widget-container\">\n\t\t\t\t\t\t\t\t\t\t\t\t<figure class=\"wp-caption\">\n\t\t\t\t\t\t\t\t\t\t<img loading=\"lazy\" decoding=\"async\" width=\"300\" height=\"241\" src=\"https:\/\/aljf-amberieu.fr\/wp-content\/uploads\/2024\/03\/justo-1986-300x241.jpg\" class=\"attachment-medium size-medium wp-image-2900\" alt=\"\" srcset=\"https:\/\/aljf-amberieu.fr\/wp-content\/uploads\/2024\/03\/justo-1986-300x241.jpg 300w, https:\/\/aljf-amberieu.fr\/wp-content\/uploads\/2024\/03\/justo-1986-24x19.jpg 24w, https:\/\/aljf-amberieu.fr\/wp-content\/uploads\/2024\/03\/justo-1986-36x29.jpg 36w, https:\/\/aljf-amberieu.fr\/wp-content\/uploads\/2024\/03\/justo-1986-48x38.jpg 48w, https:\/\/aljf-amberieu.fr\/wp-content\/uploads\/2024\/03\/justo-1986.jpg 313w\" sizes=\"(max-width: 300px) 100vw, 300px\" \/>\t\t\t\t\t\t\t\t\t\t\t<figcaption class=\"widget-image-caption wp-caption-text\">Ann\u00e9e 1986<\/figcaption>\n\t\t\t\t\t\t\t\t\t\t<\/figure>\n\t\t\t\t\t\t\t\t\t<\/div>\n\t\t\t\t<\/div>\n\t\t\t\t\t<\/div>\n\t\t<\/div>\n\t\t\t\t\t<\/div>\n\t\t<\/section>\n\t\t\t\t<section class=\"elementor-section elementor-top-section elementor-element elementor-element-7dd1f8c elementor-section-boxed elementor-section-height-default elementor-section-height-default\" data-id=\"7dd1f8c\" data-element_type=\"section\">\n\t\t\t\t\t\t<div class=\"elementor-container elementor-column-gap-default\">\n\t\t\t\t\t<div class=\"elementor-column elementor-col-50 elementor-top-column elementor-element elementor-element-faf4477\" data-id=\"faf4477\" data-element_type=\"column\">\n\t\t\t<div class=\"elementor-widget-wrap elementor-element-populated\">\n\t\t\t\t\t\t<div class=\"elementor-element elementor-element-d623244 elementor-widget elementor-widget-image\" data-id=\"d623244\" data-element_type=\"widget\" data-widget_type=\"image.default\">\n\t\t\t\t<div class=\"elementor-widget-container\">\n\t\t\t\t\t\t\t\t\t\t\t\t<figure class=\"wp-caption\">\n\t\t\t\t\t\t\t\t\t\t<img loading=\"lazy\" decoding=\"async\" width=\"300\" height=\"217\" src=\"https:\/\/aljf-amberieu.fr\/wp-content\/uploads\/2024\/03\/justo-1984-300x217.jpg\" class=\"attachment-medium size-medium wp-image-2901\" alt=\"\" srcset=\"https:\/\/aljf-amberieu.fr\/wp-content\/uploads\/2024\/03\/justo-1984-300x217.jpg 300w, https:\/\/aljf-amberieu.fr\/wp-content\/uploads\/2024\/03\/justo-1984-24x17.jpg 24w, https:\/\/aljf-amberieu.fr\/wp-content\/uploads\/2024\/03\/justo-1984-36x26.jpg 36w, https:\/\/aljf-amberieu.fr\/wp-content\/uploads\/2024\/03\/justo-1984-48x35.jpg 48w, https:\/\/aljf-amberieu.fr\/wp-content\/uploads\/2024\/03\/justo-1984.jpg 307w\" sizes=\"(max-width: 300px) 100vw, 300px\" \/>\t\t\t\t\t\t\t\t\t\t\t<figcaption class=\"widget-image-caption wp-caption-text\">Ann\u00e9e 1984<\/figcaption>\n\t\t\t\t\t\t\t\t\t\t<\/figure>\n\t\t\t\t\t\t\t\t\t<\/div>\n\t\t\t\t<\/div>\n\t\t\t\t\t<\/div>\n\t\t<\/div>\n\t\t\t\t<div class=\"elementor-column elementor-col-50 elementor-top-column elementor-element elementor-element-e4f379b\" data-id=\"e4f379b\" data-element_type=\"column\">\n\t\t\t<div class=\"elementor-widget-wrap elementor-element-populated\">\n\t\t\t\t\t\t<div class=\"elementor-element elementor-element-c00571d elementor-widget elementor-widget-image\" data-id=\"c00571d\" data-element_type=\"widget\" data-widget_type=\"image.default\">\n\t\t\t\t<div class=\"elementor-widget-container\">\n\t\t\t\t\t\t\t\t\t\t\t\t\t\t\t<img loading=\"lazy\" decoding=\"async\" width=\"204\" height=\"273\" src=\"https:\/\/aljf-amberieu.fr\/wp-content\/uploads\/2024\/03\/justo-1984-ecusson.jpg\" class=\"attachment-medium size-medium wp-image-2902\" alt=\"\" srcset=\"https:\/\/aljf-amberieu.fr\/wp-content\/uploads\/2024\/03\/justo-1984-ecusson.jpg 204w, https:\/\/aljf-amberieu.fr\/wp-content\/uploads\/2024\/03\/justo-1984-ecusson-18x24.jpg 18w, https:\/\/aljf-amberieu.fr\/wp-content\/uploads\/2024\/03\/justo-1984-ecusson-27x36.jpg 27w, https:\/\/aljf-amberieu.fr\/wp-content\/uploads\/2024\/03\/justo-1984-ecusson-36x48.jpg 36w\" sizes=\"(max-width: 204px) 100vw, 204px\" \/>\t\t\t\t\t\t\t\t\t\t\t\t\t\t\t<\/div>\n\t\t\t\t<\/div>\n\t\t\t\t\t<\/div>\n\t\t<\/div>\n\t\t\t\t\t<\/div>\n\t\t<\/section>\n\t\t\t\t<section class=\"elementor-section elementor-top-section elementor-element elementor-element-897bcdc elementor-section-boxed elementor-section-height-default elementor-section-height-default\" data-id=\"897bcdc\" data-element_type=\"section\">\n\t\t\t\t\t\t<div class=\"elementor-container elementor-column-gap-default\">\n\t\t\t\t\t<div class=\"elementor-column elementor-col-100 elementor-top-column elementor-element elementor-element-94b1a56\" data-id=\"94b1a56\" data-element_type=\"column\">\n\t\t\t<div class=\"elementor-widget-wrap elementor-element-populated\">\n\t\t\t\t\t\t<div class=\"elementor-element elementor-element-5515c30 elementor-widget elementor-widget-image\" data-id=\"5515c30\" data-element_type=\"widget\" data-widget_type=\"image.default\">\n\t\t\t\t<div class=\"elementor-widget-container\">\n\t\t\t\t\t\t\t\t\t\t\t\t<figure class=\"wp-caption\">\n\t\t\t\t\t\t\t\t\t\t<img loading=\"lazy\" decoding=\"async\" width=\"243\" height=\"182\" src=\"https:\/\/aljf-amberieu.fr\/wp-content\/uploads\/2024\/03\/justo-1980.jpg\" class=\"attachment-medium size-medium wp-image-2903\" alt=\"\" srcset=\"https:\/\/aljf-amberieu.fr\/wp-content\/uploads\/2024\/03\/justo-1980.jpg 243w, https:\/\/aljf-amberieu.fr\/wp-content\/uploads\/2024\/03\/justo-1980-24x18.jpg 24w, https:\/\/aljf-amberieu.fr\/wp-content\/uploads\/2024\/03\/justo-1980-36x27.jpg 36w, https:\/\/aljf-amberieu.fr\/wp-content\/uploads\/2024\/03\/justo-1980-48x36.jpg 48w\" sizes=\"(max-width: 243px) 100vw, 243px\" \/>\t\t\t\t\t\t\t\t\t\t\t<figcaption class=\"widget-image-caption wp-caption-text\">Ann\u00e9e 1980<\/figcaption>\n\t\t\t\t\t\t\t\t\t\t<\/figure>\n\t\t\t\t\t\t\t\t\t<\/div>\n\t\t\t\t<\/div>\n\t\t\t\t\t<\/div>\n\t\t<\/div>\n\t\t\t\t\t<\/div>\n\t\t<\/section>\n\t\t\t\t<section class=\"elementor-section elementor-top-section elementor-element elementor-element-759a8b0 elementor-section-boxed elementor-section-height-default elementor-section-height-default\" data-id=\"759a8b0\" data-element_type=\"section\">\n\t\t\t\t\t\t<div class=\"elementor-container elementor-column-gap-default\">\n\t\t\t\t\t<div class=\"elementor-column elementor-col-33 elementor-top-column elementor-element elementor-element-ee6fb87\" data-id=\"ee6fb87\" data-element_type=\"column\">\n\t\t\t<div class=\"elementor-widget-wrap elementor-element-populated\">\n\t\t\t\t\t\t<div class=\"elementor-element elementor-element-cafa782 elementor-widget elementor-widget-image\" data-id=\"cafa782\" data-element_type=\"widget\" data-widget_type=\"image.default\">\n\t\t\t\t<div class=\"elementor-widget-container\">\n\t\t\t\t\t\t\t\t\t\t\t\t\t\t\t<img loading=\"lazy\" decoding=\"async\" width=\"362\" height=\"410\" src=\"https:\/\/aljf-amberieu.fr\/wp-content\/uploads\/2024\/03\/justo-1950-2-2.jpg\" class=\"attachment-large size-large wp-image-2905\" alt=\"\" srcset=\"https:\/\/aljf-amberieu.fr\/wp-content\/uploads\/2024\/03\/justo-1950-2-2.jpg 362w, https:\/\/aljf-amberieu.fr\/wp-content\/uploads\/2024\/03\/justo-1950-2-2-265x300.jpg 265w, https:\/\/aljf-amberieu.fr\/wp-content\/uploads\/2024\/03\/justo-1950-2-2-21x24.jpg 21w, https:\/\/aljf-amberieu.fr\/wp-content\/uploads\/2024\/03\/justo-1950-2-2-32x36.jpg 32w, https:\/\/aljf-amberieu.fr\/wp-content\/uploads\/2024\/03\/justo-1950-2-2-42x48.jpg 42w\" sizes=\"(max-width: 362px) 100vw, 362px\" \/>\t\t\t\t\t\t\t\t\t\t\t\t\t\t\t<\/div>\n\t\t\t\t<\/div>\n\t\t\t\t\t<\/div>\n\t\t<\/div>\n\t\t\t\t<div class=\"elementor-column elementor-col-33 elementor-top-column elementor-element elementor-element-38dabfd\" data-id=\"38dabfd\" data-element_type=\"column\">\n\t\t\t<div class=\"elementor-widget-wrap elementor-element-populated\">\n\t\t\t\t\t\t<div class=\"elementor-element elementor-element-aeb878c elementor-widget elementor-widget-image\" data-id=\"aeb878c\" data-element_type=\"widget\" data-widget_type=\"image.default\">\n\t\t\t\t<div class=\"elementor-widget-container\">\n\t\t\t\t\t\t\t\t\t\t\t\t<figure class=\"wp-caption\">\n\t\t\t\t\t\t\t\t\t\t<img loading=\"lazy\" decoding=\"async\" width=\"588\" height=\"410\" src=\"https:\/\/aljf-amberieu.fr\/wp-content\/uploads\/2024\/03\/justo-1950-1-2.jpg\" class=\"attachment-large size-large wp-image-2904\" alt=\"\" srcset=\"https:\/\/aljf-amberieu.fr\/wp-content\/uploads\/2024\/03\/justo-1950-1-2.jpg 588w, https:\/\/aljf-amberieu.fr\/wp-content\/uploads\/2024\/03\/justo-1950-1-2-300x209.jpg 300w, https:\/\/aljf-amberieu.fr\/wp-content\/uploads\/2024\/03\/justo-1950-1-2-24x17.jpg 24w, https:\/\/aljf-amberieu.fr\/wp-content\/uploads\/2024\/03\/justo-1950-1-2-36x25.jpg 36w, https:\/\/aljf-amberieu.fr\/wp-content\/uploads\/2024\/03\/justo-1950-1-2-48x33.jpg 48w\" sizes=\"(max-width: 588px) 100vw, 588px\" \/>\t\t\t\t\t\t\t\t\t\t\t<figcaption class=\"widget-image-caption wp-caption-text\">Ann\u00e9e 1950<\/figcaption>\n\t\t\t\t\t\t\t\t\t\t<\/figure>\n\t\t\t\t\t\t\t\t\t<\/div>\n\t\t\t\t<\/div>\n\t\t\t\t\t<\/div>\n\t\t<\/div>\n\t\t\t\t<div class=\"elementor-column elementor-col-33 elementor-top-column elementor-element elementor-element-c4b88a4\" data-id=\"c4b88a4\" data-element_type=\"column\">\n\t\t\t<div class=\"elementor-widget-wrap elementor-element-populated\">\n\t\t\t\t\t\t<div class=\"elementor-element elementor-element-ab9b947 elementor-widget elementor-widget-image\" data-id=\"ab9b947\" data-element_type=\"widget\" data-widget_type=\"image.default\">\n\t\t\t\t<div class=\"elementor-widget-container\">\n\t\t\t\t\t\t\t\t\t\t\t\t\t\t\t<img loading=\"lazy\" decoding=\"async\" width=\"227\" height=\"410\" src=\"https:\/\/aljf-amberieu.fr\/wp-content\/uploads\/2024\/03\/justo-1950-ecusson-1.jpg\" class=\"attachment-large size-large wp-image-2906\" alt=\"\" srcset=\"https:\/\/aljf-amberieu.fr\/wp-content\/uploads\/2024\/03\/justo-1950-ecusson-1.jpg 227w, https:\/\/aljf-amberieu.fr\/wp-content\/uploads\/2024\/03\/justo-1950-ecusson-1-166x300.jpg 166w, https:\/\/aljf-amberieu.fr\/wp-content\/uploads\/2024\/03\/justo-1950-ecusson-1-13x24.jpg 13w, https:\/\/aljf-amberieu.fr\/wp-content\/uploads\/2024\/03\/justo-1950-ecusson-1-20x36.jpg 20w, https:\/\/aljf-amberieu.fr\/wp-content\/uploads\/2024\/03\/justo-1950-ecusson-1-27x48.jpg 27w\" sizes=\"(max-width: 227px) 100vw, 227px\" \/>\t\t\t\t\t\t\t\t\t\t\t\t\t\t\t<\/div>\n\t\t\t\t<\/div>\n\t\t\t\t\t<\/div>\n\t\t<\/div>\n\t\t\t\t\t<\/div>\n\t\t<\/section>\n\t\t\t\t<\/div>\n\t\t","protected":false},"excerpt":{"rendered":"<p>Le justo dans le temps&#8230; Ann\u00e9e 2022 Ann\u00e9e 2013 Ann\u00e9e 1994 Ann\u00e9e 1986 Ann\u00e9e 1984 Ann\u00e9e 1980 Ann\u00e9e 1950<\/p>\n","protected":false},"author":2,"featured_media":0,"parent":0,"menu_order":0,"comment_status":"closed","ping_status":"closed","template":"","meta":{"ocean_post_layout":"","ocean_both_sidebars_style":"","ocean_both_sidebars_content_width":0,"ocean_both_sidebars_sidebars_width":0,"ocean_sidebar":"0","ocean_second_sidebar":"0","ocean_disable_margins":"enable","ocean_add_body_class":"","ocean_shortcode_before_top_bar":"","ocean_shortcode_after_top_bar":"","ocean_shortcode_before_header":"","ocean_shortcode_after_header":"","ocean_has_shortcode":"","ocean_shortcode_after_title":"","ocean_shortcode_before_footer_widgets":"","ocean_shortcode_after_footer_widgets":"","ocean_shortcode_before_footer_bottom":"","ocean_shortcode_after_footer_bottom":"","ocean_display_top_bar":"default","ocean_display_header":"default","ocean_header_style":"","ocean_center_header_left_menu":"0","ocean_custom_header_template":"0","ocean_custom_logo":0,"ocean_custom_retina_logo":0,"ocean_custom_logo_max_width":0,"ocean_custom_logo_tablet_max_width":0,"ocean_custom_logo_mobile_max_width":0,"ocean_custom_logo_max_height":0,"ocean_custom_logo_tablet_max_height":0,"ocean_custom_logo_mobile_max_height":0,"ocean_header_custom_menu":"0","ocean_menu_typo_font_family":"0","ocean_menu_typo_font_subset":"","ocean_menu_typo_font_size":0,"ocean_menu_typo_font_size_tablet":0,"ocean_menu_typo_font_size_mobile":0,"ocean_menu_typo_font_size_unit":"px","ocean_menu_typo_font_weight":"","ocean_menu_typo_font_weight_tablet":"","ocean_menu_typo_font_weight_mobile":"","ocean_menu_typo_transform":"","ocean_menu_typo_transform_tablet":"","ocean_menu_typo_transform_mobile":"","ocean_menu_typo_line_height":0,"ocean_menu_typo_line_height_tablet":0,"ocean_menu_typo_line_height_mobile":0,"ocean_menu_typo_line_height_unit":"","ocean_menu_typo_spacing":0,"ocean_menu_typo_spacing_tablet":0,"ocean_menu_typo_spacing_mobile":0,"ocean_menu_typo_spacing_unit":"","ocean_menu_link_color":"","ocean_menu_link_color_hover":"","ocean_menu_link_color_active":"","ocean_menu_link_background":"","ocean_menu_link_hover_background":"","ocean_menu_link_active_background":"","ocean_menu_social_links_bg":"","ocean_menu_social_hover_links_bg":"","ocean_menu_social_links_color":"","ocean_menu_social_hover_links_color":"","ocean_disable_title":"default","ocean_disable_heading":"default","ocean_post_title":"","ocean_post_subheading":"","ocean_post_title_style":"","ocean_post_title_background_color":"","ocean_post_title_background":0,"ocean_post_title_bg_image_position":"","ocean_post_title_bg_image_attachment":"","ocean_post_title_bg_image_repeat":"","ocean_post_title_bg_image_size":"","ocean_post_title_height":0,"ocean_post_title_bg_overlay":0.5,"ocean_post_title_bg_overlay_color":"","ocean_disable_breadcrumbs":"default","ocean_breadcrumbs_color":"","ocean_breadcrumbs_separator_color":"","ocean_breadcrumbs_links_color":"","ocean_breadcrumbs_links_hover_color":"","ocean_display_footer_widgets":"default","ocean_display_footer_bottom":"default","ocean_custom_footer_template":"0","footnotes":""},"class_list":["post-2888","page","type-page","status-publish","hentry","entry"],"aioseo_notices":[],"_links":{"self":[{"href":"https:\/\/aljf-amberieu.fr\/index.php\/wp-json\/wp\/v2\/pages\/2888","targetHints":{"allow":["GET"]}}],"collection":[{"href":"https:\/\/aljf-amberieu.fr\/index.php\/wp-json\/wp\/v2\/pages"}],"about":[{"href":"https:\/\/aljf-amberieu.fr\/index.php\/wp-json\/wp\/v2\/types\/page"}],"author":[{"embeddable":true,"href":"https:\/\/aljf-amberieu.fr\/index.php\/wp-json\/wp\/v2\/users\/2"}],"replies":[{"embeddable":true,"href":"https:\/\/aljf-amberieu.fr\/index.php\/wp-json\/wp\/v2\/comments?post=2888"}],"version-history":[{"count":14,"href":"https:\/\/aljf-amberieu.fr\/index.php\/wp-json\/wp\/v2\/pages\/2888\/revisions"}],"predecessor-version":[{"id":2921,"href":"https:\/\/aljf-amberieu.fr\/index.php\/wp-json\/wp\/v2\/pages\/2888\/revisions\/2921"}],"wp:attachment":[{"href":"https:\/\/aljf-amberieu.fr\/index.php\/wp-json\/wp\/v2\/media?parent=2888"}],"curies":[{"name":"wp","href":"https:\/\/api.w.org\/{rel}","templated":true}]}}