{"id":2916,"date":"2024-03-21T13:30:47","date_gmt":"2024-03-21T12:30:47","guid":{"rendered":"https:\/\/aljf-amberieu.fr\/?page_id=2916"},"modified":"2024-03-22T11:42:01","modified_gmt":"2024-03-22T10:42:01","slug":"evolution-des-survetements","status":"publish","type":"page","link":"https:\/\/aljf-amberieu.fr\/index.php\/evolution-des-survetements\/","title":{"rendered":"Evolution des surv\u00eatements"},"content":{"rendered":"\t\t<div data-elementor-type=\"wp-page\" data-elementor-id=\"2916\" class=\"elementor elementor-2916\">\n\t\t\t\t\t\t<section class=\"elementor-section elementor-top-section elementor-element elementor-element-ae584e3 elementor-section-boxed elementor-section-height-default elementor-section-height-default\" data-id=\"ae584e3\" data-element_type=\"section\">\n\t\t\t\t\t\t<div class=\"elementor-container elementor-column-gap-default\">\n\t\t\t\t\t<div class=\"elementor-column elementor-col-100 elementor-top-column elementor-element elementor-element-61a8ea7\" data-id=\"61a8ea7\" data-element_type=\"column\">\n\t\t\t<div class=\"elementor-widget-wrap\">\n\t\t\t\t\t\t\t<\/div>\n\t\t<\/div>\n\t\t\t\t\t<\/div>\n\t\t<\/section>\n\t\t\t\t<section class=\"elementor-section elementor-top-section elementor-element elementor-element-27627c5 elementor-section-boxed elementor-section-height-default elementor-section-height-default\" data-id=\"27627c5\" data-element_type=\"section\">\n\t\t\t\t\t\t<div class=\"elementor-container elementor-column-gap-default\">\n\t\t\t\t\t<div class=\"elementor-column elementor-col-100 elementor-top-column elementor-element elementor-element-96b0b7b\" data-id=\"96b0b7b\" data-element_type=\"column\">\n\t\t\t<div class=\"elementor-widget-wrap elementor-element-populated\">\n\t\t\t\t\t\t<div class=\"elementor-element elementor-element-23bd77d elementor-widget elementor-widget-heading\" data-id=\"23bd77d\" data-element_type=\"widget\" data-widget_type=\"heading.default\">\n\t\t\t\t<div class=\"elementor-widget-container\">\n\t\t\t\t\t<h2 class=\"elementor-heading-title elementor-size-default\"><span style=\"font-size: 20px;text-align: center\">Le surv\u00eatement dans le temps...<\/span><\/h2>\t\t\t\t<\/div>\n\t\t\t\t<\/div>\n\t\t\t\t\t<\/div>\n\t\t<\/div>\n\t\t\t\t\t<\/div>\n\t\t<\/section>\n\t\t\t\t<section class=\"elementor-section elementor-top-section elementor-element elementor-element-469f747 elementor-section-boxed elementor-section-height-default elementor-section-height-default\" data-id=\"469f747\" data-element_type=\"section\">\n\t\t\t\t\t\t<div class=\"elementor-container elementor-column-gap-default\">\n\t\t\t\t\t<div class=\"elementor-column elementor-col-100 elementor-top-column elementor-element elementor-element-0376cec\" data-id=\"0376cec\" data-element_type=\"column\">\n\t\t\t<div class=\"elementor-widget-wrap elementor-element-populated\">\n\t\t\t\t\t\t<div class=\"elementor-element elementor-element-7d588a2 elementor-widget elementor-widget-image\" data-id=\"7d588a2\" data-element_type=\"widget\" data-widget_type=\"image.default\">\n\t\t\t\t<div class=\"elementor-widget-container\">\n\t\t\t\t\t\t\t\t\t\t\t\t<figure class=\"wp-caption\">\n\t\t\t\t\t\t\t\t\t\t<img fetchpriority=\"high\" decoding=\"async\" width=\"240\" height=\"300\" src=\"https:\/\/aljf-amberieu.fr\/wp-content\/uploads\/2024\/03\/survet-2015-2-3-240x300.jpg\" class=\"attachment-medium size-medium wp-image-2926\" alt=\"\" srcset=\"https:\/\/aljf-amberieu.fr\/wp-content\/uploads\/2024\/03\/survet-2015-2-3-240x300.jpg 240w, https:\/\/aljf-amberieu.fr\/wp-content\/uploads\/2024\/03\/survet-2015-2-3-820x1024.jpg 820w, https:\/\/aljf-amberieu.fr\/wp-content\/uploads\/2024\/03\/survet-2015-2-3-768x959.jpg 768w, https:\/\/aljf-amberieu.fr\/wp-content\/uploads\/2024\/03\/survet-2015-2-3-1230x1536.jpg 1230w, https:\/\/aljf-amberieu.fr\/wp-content\/uploads\/2024\/03\/survet-2015-2-3-1640x2048.jpg 1640w, https:\/\/aljf-amberieu.fr\/wp-content\/uploads\/2024\/03\/survet-2015-2-3-19x24.jpg 19w, https:\/\/aljf-amberieu.fr\/wp-content\/uploads\/2024\/03\/survet-2015-2-3-29x36.jpg 29w, https:\/\/aljf-amberieu.fr\/wp-content\/uploads\/2024\/03\/survet-2015-2-3-38x48.jpg 38w\" sizes=\"(max-width: 240px) 100vw, 240px\" \/>\t\t\t\t\t\t\t\t\t\t\t<figcaption class=\"widget-image-caption wp-caption-text\">Ann\u00e9e 2015<\/figcaption>\n\t\t\t\t\t\t\t\t\t\t<\/figure>\n\t\t\t\t\t\t\t\t\t<\/div>\n\t\t\t\t<\/div>\n\t\t\t\t\t<\/div>\n\t\t<\/div>\n\t\t\t\t\t<\/div>\n\t\t<\/section>\n\t\t\t\t<section class=\"elementor-section elementor-top-section elementor-element elementor-element-d3865e8 elementor-section-boxed elementor-section-height-default elementor-section-height-default\" data-id=\"d3865e8\" data-element_type=\"section\">\n\t\t\t\t\t\t<div class=\"elementor-container elementor-column-gap-default\">\n\t\t\t\t\t<div class=\"elementor-column elementor-col-100 elementor-top-column elementor-element elementor-element-240e641\" data-id=\"240e641\" data-element_type=\"column\">\n\t\t\t<div class=\"elementor-widget-wrap elementor-element-populated\">\n\t\t\t\t\t\t<div class=\"elementor-element elementor-element-dcb26a1 elementor-widget elementor-widget-image\" data-id=\"dcb26a1\" data-element_type=\"widget\" data-widget_type=\"image.default\">\n\t\t\t\t<div class=\"elementor-widget-container\">\n\t\t\t\t\t\t\t\t\t\t\t\t<figure class=\"wp-caption\">\n\t\t\t\t\t\t\t\t\t\t<img decoding=\"async\" width=\"300\" height=\"123\" src=\"https:\/\/aljf-amberieu.fr\/wp-content\/uploads\/2024\/03\/survet-2003-300x123.png\" class=\"attachment-medium size-medium wp-image-2933\" alt=\"\" srcset=\"https:\/\/aljf-amberieu.fr\/wp-content\/uploads\/2024\/03\/survet-2003-300x123.png 300w, https:\/\/aljf-amberieu.fr\/wp-content\/uploads\/2024\/03\/survet-2003-768x314.png 768w, https:\/\/aljf-amberieu.fr\/wp-content\/uploads\/2024\/03\/survet-2003-24x10.png 24w, https:\/\/aljf-amberieu.fr\/wp-content\/uploads\/2024\/03\/survet-2003-36x15.png 36w, https:\/\/aljf-amberieu.fr\/wp-content\/uploads\/2024\/03\/survet-2003-48x20.png 48w, https:\/\/aljf-amberieu.fr\/wp-content\/uploads\/2024\/03\/survet-2003.png 1012w\" sizes=\"(max-width: 300px) 100vw, 300px\" \/>\t\t\t\t\t\t\t\t\t\t\t<figcaption class=\"widget-image-caption wp-caption-text\">Ann\u00e9e 2003<\/figcaption>\n\t\t\t\t\t\t\t\t\t\t<\/figure>\n\t\t\t\t\t\t\t\t\t<\/div>\n\t\t\t\t<\/div>\n\t\t\t\t\t<\/div>\n\t\t<\/div>\n\t\t\t\t\t<\/div>\n\t\t<\/section>\n\t\t\t\t<section class=\"elementor-section elementor-top-section elementor-element elementor-element-b82c781 elementor-section-boxed elementor-section-height-default elementor-section-height-default\" data-id=\"b82c781\" data-element_type=\"section\">\n\t\t\t\t\t\t<div class=\"elementor-container elementor-column-gap-default\">\n\t\t\t\t\t<div class=\"elementor-column elementor-col-100 elementor-top-column elementor-element elementor-element-5dc2879\" data-id=\"5dc2879\" data-element_type=\"column\">\n\t\t\t<div class=\"elementor-widget-wrap elementor-element-populated\">\n\t\t\t\t\t\t<div class=\"elementor-element elementor-element-ab6b3f7 elementor-widget elementor-widget-image\" data-id=\"ab6b3f7\" data-element_type=\"widget\" data-widget_type=\"image.default\">\n\t\t\t\t<div class=\"elementor-widget-container\">\n\t\t\t\t\t\t\t\t\t\t\t\t<figure class=\"wp-caption\">\n\t\t\t\t\t\t\t\t\t\t<img decoding=\"async\" width=\"300\" height=\"225\" src=\"https:\/\/aljf-amberieu.fr\/wp-content\/uploads\/2024\/03\/survet-90-300x225.jpg\" class=\"attachment-medium size-medium wp-image-2930\" alt=\"\" srcset=\"https:\/\/aljf-amberieu.fr\/wp-content\/uploads\/2024\/03\/survet-90-300x225.jpg 300w, https:\/\/aljf-amberieu.fr\/wp-content\/uploads\/2024\/03\/survet-90-24x18.jpg 24w, https:\/\/aljf-amberieu.fr\/wp-content\/uploads\/2024\/03\/survet-90-36x27.jpg 36w, https:\/\/aljf-amberieu.fr\/wp-content\/uploads\/2024\/03\/survet-90-48x36.jpg 48w, https:\/\/aljf-amberieu.fr\/wp-content\/uploads\/2024\/03\/survet-90.jpg 306w\" sizes=\"(max-width: 300px) 100vw, 300px\" \/>\t\t\t\t\t\t\t\t\t\t\t<figcaption class=\"widget-image-caption wp-caption-text\">Ann\u00e9e 1990<\/figcaption>\n\t\t\t\t\t\t\t\t\t\t<\/figure>\n\t\t\t\t\t\t\t\t\t<\/div>\n\t\t\t\t<\/div>\n\t\t\t\t\t<\/div>\n\t\t<\/div>\n\t\t\t\t\t<\/div>\n\t\t<\/section>\n\t\t\t\t<section class=\"elementor-section elementor-top-section elementor-element elementor-element-004798d elementor-section-boxed elementor-section-height-default elementor-section-height-default\" data-id=\"004798d\" data-element_type=\"section\">\n\t\t\t\t\t\t<div class=\"elementor-container elementor-column-gap-default\">\n\t\t\t\t\t<div class=\"elementor-column elementor-col-100 elementor-top-column elementor-element elementor-element-053d372\" data-id=\"053d372\" data-element_type=\"column\">\n\t\t\t<div class=\"elementor-widget-wrap elementor-element-populated\">\n\t\t\t\t\t\t<div class=\"elementor-element elementor-element-853ccc4 elementor-widget elementor-widget-image\" data-id=\"853ccc4\" data-element_type=\"widget\" data-widget_type=\"image.default\">\n\t\t\t\t<div class=\"elementor-widget-container\">\n\t\t\t\t\t\t\t\t\t\t\t\t<figure class=\"wp-caption\">\n\t\t\t\t\t\t\t\t\t\t<img loading=\"lazy\" decoding=\"async\" width=\"219\" height=\"292\" src=\"https:\/\/aljf-amberieu.fr\/wp-content\/uploads\/2024\/03\/survet-86.jpg\" class=\"attachment-medium size-medium wp-image-2932\" alt=\"\" srcset=\"https:\/\/aljf-amberieu.fr\/wp-content\/uploads\/2024\/03\/survet-86.jpg 219w, https:\/\/aljf-amberieu.fr\/wp-content\/uploads\/2024\/03\/survet-86-18x24.jpg 18w, https:\/\/aljf-amberieu.fr\/wp-content\/uploads\/2024\/03\/survet-86-27x36.jpg 27w, https:\/\/aljf-amberieu.fr\/wp-content\/uploads\/2024\/03\/survet-86-36x48.jpg 36w\" sizes=\"(max-width: 219px) 100vw, 219px\" \/>\t\t\t\t\t\t\t\t\t\t\t<figcaption class=\"widget-image-caption wp-caption-text\">Ann\u00e9e 1986<\/figcaption>\n\t\t\t\t\t\t\t\t\t\t<\/figure>\n\t\t\t\t\t\t\t\t\t<\/div>\n\t\t\t\t<\/div>\n\t\t\t\t\t<\/div>\n\t\t<\/div>\n\t\t\t\t\t<\/div>\n\t\t<\/section>\n\t\t\t\t<\/div>\n\t\t","protected":false},"excerpt":{"rendered":"<p>Le surv\u00eatement dans le temps&#8230; Ann\u00e9e 2015 Ann\u00e9e 2003 Ann\u00e9e 1990 Ann\u00e9e 1986<\/p>\n","protected":false},"author":2,"featured_media":0,"parent":0,"menu_order":0,"comment_status":"closed","ping_status":"closed","template":"","meta":{"ocean_post_layout":"","ocean_both_sidebars_style":"","ocean_both_sidebars_content_width":0,"ocean_both_sidebars_sidebars_width":0,"ocean_sidebar":"0","ocean_second_sidebar":"0","ocean_disable_margins":"enable","ocean_add_body_class":"","ocean_shortcode_before_top_bar":"","ocean_shortcode_after_top_bar":"","ocean_shortcode_before_header":"","ocean_shortcode_after_header":"","ocean_has_shortcode":"","ocean_shortcode_after_title":"","ocean_shortcode_before_footer_widgets":"","ocean_shortcode_after_footer_widgets":"","ocean_shortcode_before_footer_bottom":"","ocean_shortcode_after_footer_bottom":"","ocean_display_top_bar":"default","ocean_display_header":"default","ocean_header_style":"","ocean_center_header_left_menu":"0","ocean_custom_header_template":"0","ocean_custom_logo":0,"ocean_custom_retina_logo":0,"ocean_custom_logo_max_width":0,"ocean_custom_logo_tablet_max_width":0,"ocean_custom_logo_mobile_max_width":0,"ocean_custom_logo_max_height":0,"ocean_custom_logo_tablet_max_height":0,"ocean_custom_logo_mobile_max_height":0,"ocean_header_custom_menu":"0","ocean_menu_typo_font_family":"0","ocean_menu_typo_font_subset":"","ocean_menu_typo_font_size":0,"ocean_menu_typo_font_size_tablet":0,"ocean_menu_typo_font_size_mobile":0,"ocean_menu_typo_font_size_unit":"px","ocean_menu_typo_font_weight":"","ocean_menu_typo_font_weight_tablet":"","ocean_menu_typo_font_weight_mobile":"","ocean_menu_typo_transform":"","ocean_menu_typo_transform_tablet":"","ocean_menu_typo_transform_mobile":"","ocean_menu_typo_line_height":0,"ocean_menu_typo_line_height_tablet":0,"ocean_menu_typo_line_height_mobile":0,"ocean_menu_typo_line_height_unit":"","ocean_menu_typo_spacing":0,"ocean_menu_typo_spacing_tablet":0,"ocean_menu_typo_spacing_mobile":0,"ocean_menu_typo_spacing_unit":"","ocean_menu_link_color":"","ocean_menu_link_color_hover":"","ocean_menu_link_color_active":"","ocean_menu_link_background":"","ocean_menu_link_hover_background":"","ocean_menu_link_active_background":"","ocean_menu_social_links_bg":"","ocean_menu_social_hover_links_bg":"","ocean_menu_social_links_color":"","ocean_menu_social_hover_links_color":"","ocean_disable_title":"default","ocean_disable_heading":"default","ocean_post_title":"","ocean_post_subheading":"","ocean_post_title_style":"","ocean_post_title_background_color":"","ocean_post_title_background":0,"ocean_post_title_bg_image_position":"","ocean_post_title_bg_image_attachment":"","ocean_post_title_bg_image_repeat":"","ocean_post_title_bg_image_size":"","ocean_post_title_height":0,"ocean_post_title_bg_overlay":0.5,"ocean_post_title_bg_overlay_color":"","ocean_disable_breadcrumbs":"default","ocean_breadcrumbs_color":"","ocean_breadcrumbs_separator_color":"","ocean_breadcrumbs_links_color":"","ocean_breadcrumbs_links_hover_color":"","ocean_display_footer_widgets":"default","ocean_display_footer_bottom":"default","ocean_custom_footer_template":"0","footnotes":""},"class_list":["post-2916","page","type-page","status-publish","hentry","entry"],"aioseo_notices":[],"_links":{"self":[{"href":"https:\/\/aljf-amberieu.fr\/index.php\/wp-json\/wp\/v2\/pages\/2916","targetHints":{"allow":["GET"]}}],"collection":[{"href":"https:\/\/aljf-amberieu.fr\/index.php\/wp-json\/wp\/v2\/pages"}],"about":[{"href":"https:\/\/aljf-amberieu.fr\/index.php\/wp-json\/wp\/v2\/types\/page"}],"author":[{"embeddable":true,"href":"https:\/\/aljf-amberieu.fr\/index.php\/wp-json\/wp\/v2\/users\/2"}],"replies":[{"embeddable":true,"href":"https:\/\/aljf-amberieu.fr\/index.php\/wp-json\/wp\/v2\/comments?post=2916"}],"version-history":[{"count":7,"href":"https:\/\/aljf-amberieu.fr\/index.php\/wp-json\/wp\/v2\/pages\/2916\/revisions"}],"predecessor-version":[{"id":2936,"href":"https:\/\/aljf-amberieu.fr\/index.php\/wp-json\/wp\/v2\/pages\/2916\/revisions\/2936"}],"wp:attachment":[{"href":"https:\/\/aljf-amberieu.fr\/index.php\/wp-json\/wp\/v2\/media?parent=2916"}],"curies":[{"name":"wp","href":"https:\/\/api.w.org\/{rel}","templated":true}]}}