{"id":936,"date":"2023-07-24T15:18:15","date_gmt":"2023-07-24T13:18:15","guid":{"rendered":"https:\/\/aljf-amberieu.fr\/?page_id=936"},"modified":"2023-07-24T15:57:07","modified_gmt":"2023-07-24T13:57:07","slug":"la-petite-enfance","status":"publish","type":"page","link":"https:\/\/aljf-amberieu.fr\/index.php\/la-petite-enfance\/","title":{"rendered":"La Petite Enfance"},"content":{"rendered":"\t\t<div data-elementor-type=\"wp-page\" data-elementor-id=\"936\" class=\"elementor elementor-936\">\n\t\t\t\t\t\t<section class=\"elementor-section elementor-top-section elementor-element elementor-element-394fed7 elementor-section-boxed elementor-section-height-default elementor-section-height-default\" data-id=\"394fed7\" data-element_type=\"section\">\n\t\t\t\t\t\t<div class=\"elementor-container elementor-column-gap-default\">\n\t\t\t\t\t<div class=\"elementor-column elementor-col-100 elementor-top-column elementor-element elementor-element-df9bd3d\" data-id=\"df9bd3d\" data-element_type=\"column\">\n\t\t\t<div class=\"elementor-widget-wrap elementor-element-populated\">\n\t\t\t\t\t\t<div class=\"elementor-element elementor-element-e7707e8 elementor-widget elementor-widget-text-editor\" data-id=\"e7707e8\" data-element_type=\"widget\" data-widget_type=\"text-editor.default\">\n\t\t\t\t<div class=\"elementor-widget-container\">\n\t\t\t\t\t\t\t\t\t<section data-id=\"0551973\" data-element_type=\"section\"><div><div data-id=\"e4805f0\" data-element_type=\"column\"><div><div data-id=\"3a14846\" data-element_type=\"widget\" data-widget_type=\"text-editor.default\"><div><h2><span style=\"color: #2c70dc;\">La Petite Enfance<\/span><\/h2><\/div><\/div><\/div><\/div><div data-id=\"702a3c4\" data-element_type=\"column\"><div>\u00a0<\/div><\/div><\/div><\/section><section data-id=\"2c18a08\" data-element_type=\"section\"><div><div data-id=\"ec08212\" data-element_type=\"column\"><div><div data-id=\"8381905\" data-element_type=\"widget\" data-widget_type=\"text-editor.default\"><div><p style=\"text-align: justify;\"><strong>Le BABY- DOUDOU<\/strong>, d\u00e8s 18 mois avec la complicit\u00e9 de maman ou papa, pour d\u00e9couvrir mon corp, l\u2019espace, les autres enfants.<\/p><\/div><\/div><div style=\"text-align: justify;\" data-id=\"aba5897\" data-element_type=\"widget\" data-widget_type=\"text-editor.default\"><div><p><strong>La BABY- GYM\u00a0<\/strong>est r\u00e9serv\u00e9e aux tous petits \u00e0 partir de 3 ans. D\u00e9couverte du corps dans l\u2019espace, \u00e9quilibre. Un cours par semaine.<\/p><\/div><\/div><\/div><\/div><\/div><\/section><section data-id=\"cae0e89\" data-element_type=\"section\"><div><div data-id=\"937b144\" data-element_type=\"column\"><div><div data-id=\"249e494\" data-element_type=\"widget\" data-widget_type=\"text-editor.default\"><div><p style=\"text-align: justify;\"><strong>L\u2019Ecole de gym\u00a0<\/strong>(enfants de 4 \u00e0 6 ans) est la p\u00e9riode d\u2019\u00e9veil \u00e0 la gymnastique avec la d\u00e9couverte de toutes les disciplines gymniques. Un cours par semaine.<\/p><\/div><\/div><\/div><\/div><\/div><\/section>\t\t\t\t\t\t\t\t<\/div>\n\t\t\t\t<\/div>\n\t\t\t\t\t<\/div>\n\t\t<\/div>\n\t\t\t\t\t<\/div>\n\t\t<\/section>\n\t\t\t\t<\/div>\n\t\t","protected":false},"excerpt":{"rendered":"<p>La Petite Enfance \u00a0 Le BABY- DOUDOU, d\u00e8s 18 mois avec la complicit\u00e9 de maman ou papa, pour d\u00e9couvrir mon corp, l\u2019espace, les autres enfants. La BABY- GYM\u00a0est r\u00e9serv\u00e9e aux [&hellip;]<\/p>\n","protected":false},"author":1,"featured_media":0,"parent":0,"menu_order":0,"comment_status":"closed","ping_status":"closed","template":"","meta":{"ocean_post_layout":"","ocean_both_sidebars_style":"","ocean_both_sidebars_content_width":0,"ocean_both_sidebars_sidebars_width":0,"ocean_sidebar":"0","ocean_second_sidebar":"0","ocean_disable_margins":"enable","ocean_add_body_class":"","ocean_shortcode_before_top_bar":"","ocean_shortcode_after_top_bar":"","ocean_shortcode_before_header":"","ocean_shortcode_after_header":"","ocean_has_shortcode":"","ocean_shortcode_after_title":"","ocean_shortcode_before_footer_widgets":"","ocean_shortcode_after_footer_widgets":"","ocean_shortcode_before_footer_bottom":"","ocean_shortcode_after_footer_bottom":"","ocean_display_top_bar":"default","ocean_display_header":"default","ocean_header_style":"","ocean_center_header_left_menu":"0","ocean_custom_header_template":"0","ocean_custom_logo":0,"ocean_custom_retina_logo":0,"ocean_custom_logo_max_width":0,"ocean_custom_logo_tablet_max_width":0,"ocean_custom_logo_mobile_max_width":0,"ocean_custom_logo_max_height":0,"ocean_custom_logo_tablet_max_height":0,"ocean_custom_logo_mobile_max_height":0,"ocean_header_custom_menu":"0","ocean_menu_typo_font_family":"0","ocean_menu_typo_font_subset":"","ocean_menu_typo_font_size":0,"ocean_menu_typo_font_size_tablet":0,"ocean_menu_typo_font_size_mobile":0,"ocean_menu_typo_font_size_unit":"px","ocean_menu_typo_font_weight":"","ocean_menu_typo_font_weight_tablet":"","ocean_menu_typo_font_weight_mobile":"","ocean_menu_typo_transform":"","ocean_menu_typo_transform_tablet":"","ocean_menu_typo_transform_mobile":"","ocean_menu_typo_line_height":0,"ocean_menu_typo_line_height_tablet":0,"ocean_menu_typo_line_height_mobile":0,"ocean_menu_typo_line_height_unit":"","ocean_menu_typo_spacing":0,"ocean_menu_typo_spacing_tablet":0,"ocean_menu_typo_spacing_mobile":0,"ocean_menu_typo_spacing_unit":"","ocean_menu_link_color":"","ocean_menu_link_color_hover":"","ocean_menu_link_color_active":"","ocean_menu_link_background":"","ocean_menu_link_hover_background":"","ocean_menu_link_active_background":"","ocean_menu_social_links_bg":"","ocean_menu_social_hover_links_bg":"","ocean_menu_social_links_color":"","ocean_menu_social_hover_links_color":"","ocean_disable_title":"default","ocean_disable_heading":"default","ocean_post_title":"","ocean_post_subheading":"","ocean_post_title_style":"","ocean_post_title_background_color":"","ocean_post_title_background":0,"ocean_post_title_bg_image_position":"","ocean_post_title_bg_image_attachment":"","ocean_post_title_bg_image_repeat":"","ocean_post_title_bg_image_size":"","ocean_post_title_height":0,"ocean_post_title_bg_overlay":0.5,"ocean_post_title_bg_overlay_color":"","ocean_disable_breadcrumbs":"default","ocean_breadcrumbs_color":"","ocean_breadcrumbs_separator_color":"","ocean_breadcrumbs_links_color":"","ocean_breadcrumbs_links_hover_color":"","ocean_display_footer_widgets":"default","ocean_display_footer_bottom":"default","ocean_custom_footer_template":"0","footnotes":""},"class_list":["post-936","page","type-page","status-publish","hentry","entry"],"aioseo_notices":[],"_links":{"self":[{"href":"https:\/\/aljf-amberieu.fr\/index.php\/wp-json\/wp\/v2\/pages\/936","targetHints":{"allow":["GET"]}}],"collection":[{"href":"https:\/\/aljf-amberieu.fr\/index.php\/wp-json\/wp\/v2\/pages"}],"about":[{"href":"https:\/\/aljf-amberieu.fr\/index.php\/wp-json\/wp\/v2\/types\/page"}],"author":[{"embeddable":true,"href":"https:\/\/aljf-amberieu.fr\/index.php\/wp-json\/wp\/v2\/users\/1"}],"replies":[{"embeddable":true,"href":"https:\/\/aljf-amberieu.fr\/index.php\/wp-json\/wp\/v2\/comments?post=936"}],"version-history":[{"count":10,"href":"https:\/\/aljf-amberieu.fr\/index.php\/wp-json\/wp\/v2\/pages\/936\/revisions"}],"predecessor-version":[{"id":956,"href":"https:\/\/aljf-amberieu.fr\/index.php\/wp-json\/wp\/v2\/pages\/936\/revisions\/956"}],"wp:attachment":[{"href":"https:\/\/aljf-amberieu.fr\/index.php\/wp-json\/wp\/v2\/media?parent=936"}],"curies":[{"name":"wp","href":"https:\/\/api.w.org\/{rel}","templated":true}]}}