{"id":938,"date":"2023-07-24T15:18:29","date_gmt":"2023-07-24T13:18:29","guid":{"rendered":"https:\/\/aljf-amberieu.fr\/?page_id=938"},"modified":"2023-07-25T09:11:17","modified_gmt":"2023-07-25T07:11:17","slug":"adultes","status":"publish","type":"page","link":"https:\/\/aljf-amberieu.fr\/index.php\/adultes\/","title":{"rendered":"Adultes"},"content":{"rendered":"\t\t<div data-elementor-type=\"wp-page\" data-elementor-id=\"938\" class=\"elementor elementor-938\">\n\t\t\t\t\t\t<section class=\"elementor-section elementor-top-section elementor-element elementor-element-2492566 elementor-section-boxed elementor-section-height-default elementor-section-height-default\" data-id=\"2492566\" data-element_type=\"section\">\n\t\t\t\t\t\t<div class=\"elementor-container elementor-column-gap-default\">\n\t\t\t\t\t<div class=\"elementor-column elementor-col-100 elementor-top-column elementor-element elementor-element-da837cc\" data-id=\"da837cc\" data-element_type=\"column\">\n\t\t\t<div class=\"elementor-widget-wrap elementor-element-populated\">\n\t\t\t\t\t\t<div class=\"elementor-element elementor-element-8b3377b elementor-widget elementor-widget-text-editor\" data-id=\"8b3377b\" data-element_type=\"widget\" data-widget_type=\"text-editor.default\">\n\t\t\t\t<div class=\"elementor-widget-container\">\n\t\t\t\t\t\t\t\t\t<h2 style=\"font-variant-ligatures: normal; font-variant-caps: normal; font-family: 'Open Sans', sans-serif; font-style: normal;\"><span style=\"font-size: 20px; color: #2c70dc;\">Pour les adultes<\/span><\/h2><div><span style=\"font-size: 20px; color: #2c70dc;\">\u00a0<\/span><\/div><div><section class=\"elementor-section elementor-top-section elementor-element elementor-element-a3c1447 elementor-section-boxed elementor-section-height-default elementor-section-height-default\" style=\"font-variant-ligatures: normal; font-variant-caps: normal; font-family: 'Open Sans', sans-serif; font-size: 14px; font-style: normal; font-weight: 400; flex-basis: var(--flex-basis); flex-grow: var(--flex-grow); flex-shrink: var(--flex-shrink); order: var(--order); align-self: var(--align-self); --swiper-theme-color: #000; --swiper-navigation-size: 44px; --swiper-pagination-bullet-size: 6px; --swiper-pagination-bullet-horizontal-gap: 6px; --widgets-spacing: 20px; color: #4a4a4a;\" data-id=\"a3c1447\" data-element_type=\"section\"><div class=\"elementor-container elementor-column-gap-default\" style=\"font-size: 14px;\"><div class=\"elementor-column elementor-col-100 elementor-top-column elementor-element elementor-element-068677d\" style=\"font-size: 14px; flex-basis: var(--flex-basis); flex-grow: var(--flex-grow); flex-shrink: var(--flex-shrink); order: var(--order); align-self: var(--align-self); --swiper-theme-color: #000; --swiper-navigation-size: 44px; --swiper-pagination-bullet-size: 6px; --swiper-pagination-bullet-horizontal-gap: 6px; --widgets-spacing: 20px; width: 832.734px;\" data-id=\"068677d\" data-element_type=\"column\"><div class=\"elementor-widget-wrap elementor-element-populated\" style=\"font-size: 14px; width: 832.734px;\"><div class=\"elementor-element elementor-element-787eb65 elementor-widget elementor-widget-text-editor\" style=\"font-size: 14px; flex-basis: var(--flex-basis); flex-grow: var(--flex-grow); flex-shrink: var(--flex-shrink); order: var(--order); align-self: var(--align-self); flex-direction: var(--flex-direction); flex-wrap: var(--flex-wrap); justify-content: var(--justify-content); align-items: var(--align-items); align-content: var(--align-content); gap: var(--gap); --swiper-theme-color: #000; --swiper-navigation-size: 44px; --swiper-pagination-bullet-size: 6px; --swiper-pagination-bullet-horizontal-gap: 6px; --widgets-spacing: 20px; width: 812.734px;\" data-id=\"787eb65\" data-element_type=\"widget\" data-widget_type=\"text-editor.default\"><div class=\"elementor-widget-container\" style=\"font-size: 14px; transition: background .3s,border .3s,border-radius .3s,box-shadow .3s,transform var(--e-transform-transition-duration,.4s);\"><p style=\"font-size: 14px;\"><span style=\"font-size: 14px; font-weight: 600;\">GYM adultes,<\/span>\u00a0plusieurs cr\u00e9neaux horaires r\u00e9partis sur la semaine.<\/p><\/div><\/div><\/div><\/div><\/div><\/section><section class=\"elementor-section elementor-top-section elementor-element elementor-element-7525d4a elementor-section-boxed elementor-section-height-default elementor-section-height-default\" style=\"font-variant-ligatures: normal; font-variant-caps: normal; font-family: 'Open Sans', sans-serif; font-size: 14px; font-style: normal; font-weight: 400; flex-basis: var(--flex-basis); flex-grow: var(--flex-grow); flex-shrink: var(--flex-shrink); order: var(--order); align-self: var(--align-self); --swiper-theme-color: #000; --swiper-navigation-size: 44px; --swiper-pagination-bullet-size: 6px; --swiper-pagination-bullet-horizontal-gap: 6px; --widgets-spacing: 20px; color: #4a4a4a;\" data-id=\"7525d4a\" data-element_type=\"section\"><div class=\"elementor-container elementor-column-gap-default\" style=\"font-size: 14px;\"><div class=\"elementor-column elementor-col-100 elementor-top-column elementor-element elementor-element-8b5fbcb\" style=\"font-size: 14px; flex-basis: var(--flex-basis); flex-grow: var(--flex-grow); flex-shrink: var(--flex-shrink); order: var(--order); align-self: var(--align-self); --swiper-theme-color: #000; --swiper-navigation-size: 44px; --swiper-pagination-bullet-size: 6px; --swiper-pagination-bullet-horizontal-gap: 6px; --widgets-spacing: 20px; width: 832.734px;\" data-id=\"8b5fbcb\" data-element_type=\"column\"><div class=\"elementor-widget-wrap elementor-element-populated\" style=\"font-size: 14px; width: 832.734px;\"><div class=\"elementor-element elementor-element-2adfdfe elementor-widget elementor-widget-text-editor\" style=\"font-size: 14px; flex-basis: var(--flex-basis); flex-grow: var(--flex-grow); flex-shrink: var(--flex-shrink); order: var(--order); align-self: var(--align-self); flex-direction: var(--flex-direction); flex-wrap: var(--flex-wrap); justify-content: var(--justify-content); align-items: var(--align-items); align-content: var(--align-content); gap: var(--gap); --swiper-theme-color: #000; --swiper-navigation-size: 44px; --swiper-pagination-bullet-size: 6px; --swiper-pagination-bullet-horizontal-gap: 6px; --widgets-spacing: 20px; width: 812.734px;\" data-id=\"2adfdfe\" data-element_type=\"widget\" data-widget_type=\"text-editor.default\"><div class=\"elementor-widget-container\" style=\"font-size: 14px; transition: background .3s,border .3s,border-radius .3s,box-shadow .3s,transform var(--e-transform-transition-duration,.4s);\"><p style=\"font-size: 14px;\"><span style=\"font-size: 14px; font-weight: 600;\">GYM douce<\/span>, cours plut\u00f4t pour les seniors (1 cour par semaine).<\/p><\/div><\/div><\/div><\/div><\/div><\/section><\/div>\t\t\t\t\t\t\t\t<\/div>\n\t\t\t\t<\/div>\n\t\t\t\t\t<\/div>\n\t\t<\/div>\n\t\t\t\t\t<\/div>\n\t\t<\/section>\n\t\t\t\t<\/div>\n\t\t","protected":false},"excerpt":{"rendered":"<p>Pour les adultes \u00a0 GYM adultes,\u00a0plusieurs cr\u00e9neaux horaires r\u00e9partis sur la semaine. GYM douce, cours plut\u00f4t pour les seniors (1 cour par semaine).<\/p>\n","protected":false},"author":1,"featured_media":0,"parent":0,"menu_order":0,"comment_status":"closed","ping_status":"closed","template":"","meta":{"ocean_post_layout":"","ocean_both_sidebars_style":"","ocean_both_sidebars_content_width":0,"ocean_both_sidebars_sidebars_width":0,"ocean_sidebar":"0","ocean_second_sidebar":"0","ocean_disable_margins":"enable","ocean_add_body_class":"","ocean_shortcode_before_top_bar":"","ocean_shortcode_after_top_bar":"","ocean_shortcode_before_header":"","ocean_shortcode_after_header":"","ocean_has_shortcode":"","ocean_shortcode_after_title":"","ocean_shortcode_before_footer_widgets":"","ocean_shortcode_after_footer_widgets":"","ocean_shortcode_before_footer_bottom":"","ocean_shortcode_after_footer_bottom":"","ocean_display_top_bar":"default","ocean_display_header":"default","ocean_header_style":"","ocean_center_header_left_menu":"0","ocean_custom_header_template":"0","ocean_custom_logo":0,"ocean_custom_retina_logo":0,"ocean_custom_logo_max_width":0,"ocean_custom_logo_tablet_max_width":0,"ocean_custom_logo_mobile_max_width":0,"ocean_custom_logo_max_height":0,"ocean_custom_logo_tablet_max_height":0,"ocean_custom_logo_mobile_max_height":0,"ocean_header_custom_menu":"0","ocean_menu_typo_font_family":"0","ocean_menu_typo_font_subset":"","ocean_menu_typo_font_size":0,"ocean_menu_typo_font_size_tablet":0,"ocean_menu_typo_font_size_mobile":0,"ocean_menu_typo_font_size_unit":"px","ocean_menu_typo_font_weight":"","ocean_menu_typo_font_weight_tablet":"","ocean_menu_typo_font_weight_mobile":"","ocean_menu_typo_transform":"","ocean_menu_typo_transform_tablet":"","ocean_menu_typo_transform_mobile":"","ocean_menu_typo_line_height":0,"ocean_menu_typo_line_height_tablet":0,"ocean_menu_typo_line_height_mobile":0,"ocean_menu_typo_line_height_unit":"","ocean_menu_typo_spacing":0,"ocean_menu_typo_spacing_tablet":0,"ocean_menu_typo_spacing_mobile":0,"ocean_menu_typo_spacing_unit":"","ocean_menu_link_color":"","ocean_menu_link_color_hover":"","ocean_menu_link_color_active":"","ocean_menu_link_background":"","ocean_menu_link_hover_background":"","ocean_menu_link_active_background":"","ocean_menu_social_links_bg":"","ocean_menu_social_hover_links_bg":"","ocean_menu_social_links_color":"","ocean_menu_social_hover_links_color":"","ocean_disable_title":"default","ocean_disable_heading":"default","ocean_post_title":"","ocean_post_subheading":"","ocean_post_title_style":"","ocean_post_title_background_color":"","ocean_post_title_background":0,"ocean_post_title_bg_image_position":"","ocean_post_title_bg_image_attachment":"","ocean_post_title_bg_image_repeat":"","ocean_post_title_bg_image_size":"","ocean_post_title_height":0,"ocean_post_title_bg_overlay":0.5,"ocean_post_title_bg_overlay_color":"","ocean_disable_breadcrumbs":"default","ocean_breadcrumbs_color":"","ocean_breadcrumbs_separator_color":"","ocean_breadcrumbs_links_color":"","ocean_breadcrumbs_links_hover_color":"","ocean_display_footer_widgets":"default","ocean_display_footer_bottom":"default","ocean_custom_footer_template":"0","footnotes":""},"class_list":["post-938","page","type-page","status-publish","hentry","entry"],"aioseo_notices":[],"_links":{"self":[{"href":"https:\/\/aljf-amberieu.fr\/index.php\/wp-json\/wp\/v2\/pages\/938","targetHints":{"allow":["GET"]}}],"collection":[{"href":"https:\/\/aljf-amberieu.fr\/index.php\/wp-json\/wp\/v2\/pages"}],"about":[{"href":"https:\/\/aljf-amberieu.fr\/index.php\/wp-json\/wp\/v2\/types\/page"}],"author":[{"embeddable":true,"href":"https:\/\/aljf-amberieu.fr\/index.php\/wp-json\/wp\/v2\/users\/1"}],"replies":[{"embeddable":true,"href":"https:\/\/aljf-amberieu.fr\/index.php\/wp-json\/wp\/v2\/comments?post=938"}],"version-history":[{"count":10,"href":"https:\/\/aljf-amberieu.fr\/index.php\/wp-json\/wp\/v2\/pages\/938\/revisions"}],"predecessor-version":[{"id":968,"href":"https:\/\/aljf-amberieu.fr\/index.php\/wp-json\/wp\/v2\/pages\/938\/revisions\/968"}],"wp:attachment":[{"href":"https:\/\/aljf-amberieu.fr\/index.php\/wp-json\/wp\/v2\/media?parent=938"}],"curies":[{"name":"wp","href":"https:\/\/api.w.org\/{rel}","templated":true}]}}